{"id":299,"date":"2020-11-19T00:13:22","date_gmt":"2020-11-19T00:13:22","guid":{"rendered":"https:\/\/www.icebergmedia.tv\/w2021\/serveis\/"},"modified":"2020-12-14T21:25:54","modified_gmt":"2020-12-14T21:25:54","slug":"servicios","status":"publish","type":"page","link":"https:\/\/www.icebergmedia.tv\/es\/servicios\/","title":{"rendered":"Servicios"},"content":{"rendered":"<h2>PRODUCCI\u00d3N AUDIOVISUAL<\/h2>\n<p>Nos implicamos en todas las fases del proceso creativo; desde la primera idea hasta el producto final. Gui\u00f3n, producci\u00f3n, grabaci\u00f3n, post-producci\u00f3n y difusi\u00f3n. Nos adaptamos a las necesidades de cada proyecto y lo hacemos a medida.<\/p>\n","protected":false},"excerpt":{"rendered":"<p>PRODUCCI\u00d3N AUDIOVISUAL Nos implicamos en todas las fases del proceso creativo; desde la primera idea hasta el producto final. Gui\u00f3n, producci\u00f3n, grabaci\u00f3n, post-producci\u00f3n y difusi\u00f3n. Nos adaptamos a las necesidades de cada proyecto y lo hacemos a medida.<\/p>\n","protected":false},"author":1,"featured_media":0,"parent":0,"menu_order":0,"comment_status":"closed","ping_status":"closed","template":"p-serveis.php","meta":{"_acf_changed":false,"footnotes":""},"class_list":["post-299","page","type-page","status-publish","hentry"],"acf":[],"_links":{"self":[{"href":"https:\/\/www.icebergmedia.tv\/es\/wp-json\/wp\/v2\/pages\/299"}],"collection":[{"href":"https:\/\/www.icebergmedia.tv\/es\/wp-json\/wp\/v2\/pages"}],"about":[{"href":"https:\/\/www.icebergmedia.tv\/es\/wp-json\/wp\/v2\/types\/page"}],"author":[{"embeddable":true,"href":"https:\/\/www.icebergmedia.tv\/es\/wp-json\/wp\/v2\/users\/1"}],"replies":[{"embeddable":true,"href":"https:\/\/www.icebergmedia.tv\/es\/wp-json\/wp\/v2\/comments?post=299"}],"version-history":[{"count":4,"href":"https:\/\/www.icebergmedia.tv\/es\/wp-json\/wp\/v2\/pages\/299\/revisions"}],"predecessor-version":[{"id":325,"href":"https:\/\/www.icebergmedia.tv\/es\/wp-json\/wp\/v2\/pages\/299\/revisions\/325"}],"wp:attachment":[{"href":"https:\/\/www.icebergmedia.tv\/es\/wp-json\/wp\/v2\/media?parent=299"}],"curies":[{"name":"wp","href":"https:\/\/api.w.org\/{rel}","templated":true}]}}