{"id":310,"date":"2020-11-19T00:01:37","date_gmt":"2020-11-19T00:01:37","guid":{"rendered":"https:\/\/www.icebergmedia.tv\/w2021\/about-us\/"},"modified":"2020-12-14T17:51:34","modified_gmt":"2020-12-14T17:51:34","slug":"quienes-somos","status":"publish","type":"page","link":"https:\/\/www.icebergmedia.tv\/es\/quienes-somos\/","title":{"rendered":"Qui\u00e9nes somos"},"content":{"rendered":"<blockquote><p>\u201cLa dignidad de movimientos de un iceberg se debe a que solamente un octavo de su masa aparece sobre el agua\u201d<br \/>\n<strong>Ernest Hemingway<\/strong><\/p><\/blockquote>\n<p>Somos una productora audiovisual independiente ubicada en Barcelona. Transformamos ideas en im\u00e1genes y contamos historias m\u00e1s all\u00e1 de la superficie. Creemos en un mundo m\u00e1s sostenible, m\u00e1s feminista y m\u00e1s diverso. Por eso trabajamos comprometidos con nuestros valores. Disfrutamos comunicando a trav\u00e9s de los v\u00eddeos. Perseguimos emociones. Nos sumergimos en las particularidades de cada proyecto para extraer su esencia y hacerlo brillar.<\/p>\n","protected":false},"excerpt":{"rendered":"<p>\u201cLa dignidad de movimientos de un iceberg se debe a que solamente un octavo de su masa aparece sobre el agua\u201d Ernest Hemingway Somos una productora audiovisual independiente ubicada en Barcelona. Transformamos ideas en im\u00e1genes y contamos historias m\u00e1s all\u00e1 de la superficie. Creemos en un mundo m\u00e1s sostenible, m\u00e1s feminista y m\u00e1s diverso. Por [&hellip;]<\/p>\n","protected":false},"author":1,"featured_media":0,"parent":0,"menu_order":0,"comment_status":"closed","ping_status":"closed","template":"p-quisom.php","meta":{"_acf_changed":false,"footnotes":""},"class_list":["post-310","page","type-page","status-publish","hentry"],"acf":[],"_links":{"self":[{"href":"https:\/\/www.icebergmedia.tv\/es\/wp-json\/wp\/v2\/pages\/310"}],"collection":[{"href":"https:\/\/www.icebergmedia.tv\/es\/wp-json\/wp\/v2\/pages"}],"about":[{"href":"https:\/\/www.icebergmedia.tv\/es\/wp-json\/wp\/v2\/types\/page"}],"author":[{"embeddable":true,"href":"https:\/\/www.icebergmedia.tv\/es\/wp-json\/wp\/v2\/users\/1"}],"replies":[{"embeddable":true,"href":"https:\/\/www.icebergmedia.tv\/es\/wp-json\/wp\/v2\/comments?post=310"}],"version-history":[{"count":2,"href":"https:\/\/www.icebergmedia.tv\/es\/wp-json\/wp\/v2\/pages\/310\/revisions"}],"predecessor-version":[{"id":312,"href":"https:\/\/www.icebergmedia.tv\/es\/wp-json\/wp\/v2\/pages\/310\/revisions\/312"}],"wp:attachment":[{"href":"https:\/\/www.icebergmedia.tv\/es\/wp-json\/wp\/v2\/media?parent=310"}],"curies":[{"name":"wp","href":"https:\/\/api.w.org\/{rel}","templated":true}]}}