{"id":327,"date":"2020-11-19T00:17:43","date_gmt":"2020-11-19T00:17:43","guid":{"rendered":"https:\/\/www.icebergmedia.tv\/w2021\/projectes\/"},"modified":"2020-12-16T00:03:53","modified_gmt":"2020-12-16T00:03:53","slug":"ultimos-trabajos","status":"publish","type":"page","link":"https:\/\/www.icebergmedia.tv\/es\/ultimos-trabajos\/","title":{"rendered":"Proyectos"},"content":{"rendered":"<h2><span style=\"color: #000000;\">\u00daltimos trabajos<\/span><\/h2>\n<p><span style=\"color: #000000;\">\u00c9stas son algunas de nuestras \u00faltimas producciones.<\/span><\/p>\n","protected":false},"excerpt":{"rendered":"<p>\u00daltimos trabajos \u00c9stas son algunas de nuestras \u00faltimas producciones.<\/p>\n","protected":false},"author":1,"featured_media":0,"parent":0,"menu_order":0,"comment_status":"closed","ping_status":"closed","template":"p-projects.php","meta":{"_acf_changed":false,"footnotes":""},"class_list":["post-327","page","type-page","status-publish","hentry"],"acf":[],"_links":{"self":[{"href":"https:\/\/www.icebergmedia.tv\/es\/wp-json\/wp\/v2\/pages\/327"}],"collection":[{"href":"https:\/\/www.icebergmedia.tv\/es\/wp-json\/wp\/v2\/pages"}],"about":[{"href":"https:\/\/www.icebergmedia.tv\/es\/wp-json\/wp\/v2\/types\/page"}],"author":[{"embeddable":true,"href":"https:\/\/www.icebergmedia.tv\/es\/wp-json\/wp\/v2\/users\/1"}],"replies":[{"embeddable":true,"href":"https:\/\/www.icebergmedia.tv\/es\/wp-json\/wp\/v2\/comments?post=327"}],"version-history":[{"count":2,"href":"https:\/\/www.icebergmedia.tv\/es\/wp-json\/wp\/v2\/pages\/327\/revisions"}],"predecessor-version":[{"id":341,"href":"https:\/\/www.icebergmedia.tv\/es\/wp-json\/wp\/v2\/pages\/327\/revisions\/341"}],"wp:attachment":[{"href":"https:\/\/www.icebergmedia.tv\/es\/wp-json\/wp\/v2\/media?parent=327"}],"curies":[{"name":"wp","href":"https:\/\/api.w.org\/{rel}","templated":true}]}}